{"id":16,"date":"2026-03-14T18:28:07","date_gmt":"2026-03-14T18:28:07","guid":{"rendered":"https:\/\/expatpostal.com\/?page_id=16"},"modified":"2026-03-18T01:25:04","modified_gmt":"2026-03-18T01:25:04","slug":"how-its-work","status":"publish","type":"page","link":"https:\/\/expatpostal.com\/es\/how-its-work\/","title":{"rendered":"\u00bfC\u00f3mo funciona?"},"content":{"rendered":"<div data-elementor-type=\"wp-page\" data-elementor-id=\"16\" class=\"elementor elementor-16\">\n\t\t\t\t<div class=\"elementor-element elementor-element-07efa29 e-flex e-con-boxed wpr-particle-no wpr-jarallax-no wpr-parallax-no wpr-sticky-section-no wpr-column-slider-no wpr-equal-height-no e-con e-parent\" data-id=\"07efa29\" data-element_type=\"container\" data-e-type=\"container\" data-settings=\"{&quot;background_background&quot;:&quot;classic&quot;}\">\n\t\t\t\t\t<div class=\"e-con-inner\">\n\t\t<div class=\"elementor-element elementor-element-9e8098f e-con-full e-flex wpr-particle-no wpr-jarallax-no wpr-parallax-no wpr-sticky-section-no wpr-column-slider-no wpr-equal-height-no e-con e-child\" data-id=\"9e8098f\" data-element_type=\"container\" data-e-type=\"container\">\n\t\t\t\t<div class=\"elementor-element elementor-element-1fdcc4e elementor-widget__width-initial elementor-widget elementor-widget-heading\" data-id=\"1fdcc4e\" data-element_type=\"widget\" data-e-type=\"widget\" data-widget_type=\"heading.default\">\n\t\t\t\t\t<h2 class=\"elementor-heading-title elementor-size-default\">C\u00f3mo funciona Expat Postal<\/h2>\t\t\t\t<\/div>\n\t\t\t\t<div class=\"elementor-element elementor-element-ef1ffba elementor-widget elementor-widget-text-editor\" data-id=\"ef1ffba\" data-element_type=\"widget\" data-e-type=\"widget\" data-widget_type=\"text-editor.default\">\n\t\t\t\t\t\t\t\t\t<p><span class=\"BZ_Pyq_fadeIn\">Nuestra <\/span><span class=\"BZ_Pyq_fadeIn\">Proceso <\/span><span class=\"BZ_Pyq_fadeIn\">es <\/span><span class=\"BZ_Pyq_fadeIn\">sencillo <\/span><span class=\"BZ_Pyq_fadeIn\">y <\/span><span class=\"BZ_Pyq_fadeIn\">dise\u00f1ado <\/span><span class=\"BZ_Pyq_fadeIn\">a <\/span><span class=\"BZ_Pyq_fadeIn\">hacer <\/span><span class=\"BZ_Pyq_fadeIn\">recibiendo <\/span><span class=\"BZ_Pyq_fadeIn\">tu <\/span><span class=\"BZ_Pyq_fadeIn\">correo <\/span><span class=\"BZ_Pyq_fadeIn\">f\u00e1cil, <\/span><span class=\"BZ_Pyq_fadeIn\">seguro, <\/span><span class=\"BZ_Pyq_fadeIn\">y <\/span><span class=\"BZ_Pyq_fadeIn\">confiable <\/span><span class=\"BZ_Pyq_fadeIn\">no <\/span><span class=\"BZ_Pyq_fadeIn\">materia <\/span><span class=\"BZ_Pyq_fadeIn\">d\u00f3nde <\/span><span class=\"BZ_Pyq_fadeIn\">t\u00fa <\/span><span class=\"BZ_Pyq_fadeIn\">en vivo.<\/span><br data-start=\"591\" data-end=\"594\" \/><span class=\"BZ_Pyq_fadeIn\">Seguir <\/span><span class=\"BZ_Pyq_fadeIn\">estos <\/span><span class=\"BZ_Pyq_fadeIn\">pasos <\/span><span class=\"BZ_Pyq_fadeIn\">a <\/span><span class=\"BZ_Pyq_fadeIn\">comenzar <\/span><span class=\"BZ_Pyq_fadeIn\">usando <\/span><span class=\"BZ_Pyq_fadeIn\">nuestro <\/span><span class=\"BZ_Pyq_fadeIn\">servicio.<\/span><\/p>\t\t\t\t\t\t\t\t<\/div>\n\t\t\t\t<\/div>\n\t\t\t\t\t<\/div>\n\t\t\t\t<\/div>\n\t\t<div class=\"elementor-element elementor-element-c26b84f e-flex e-con-boxed wpr-particle-no wpr-jarallax-no wpr-parallax-no wpr-sticky-section-no wpr-column-slider-no wpr-equal-height-no e-con e-parent\" data-id=\"c26b84f\" data-element_type=\"container\" data-e-type=\"container\" data-settings=\"{&quot;background_background&quot;:&quot;classic&quot;}\">\n\t\t\t\t\t<div class=\"e-con-inner\">\n\t\t<div class=\"elementor-element elementor-element-17bf5a8 e-con-full e-flex wpr-particle-no wpr-jarallax-no wpr-parallax-no wpr-sticky-section-no wpr-column-slider-no wpr-equal-height-no e-con e-child\" data-id=\"17bf5a8\" data-element_type=\"container\" data-e-type=\"container\">\n\t\t<div class=\"elementor-element elementor-element-a770113 e-con-full e-flex wpr-particle-no wpr-jarallax-no wpr-parallax-no wpr-sticky-section-no wpr-column-slider-no wpr-equal-height-no e-con e-child\" data-id=\"a770113\" data-element_type=\"container\" data-e-type=\"container\" data-settings=\"{&quot;background_background&quot;:&quot;classic&quot;}\">\n\t\t<div class=\"elementor-element elementor-element-6f901bc e-con-full e-flex wpr-particle-no wpr-jarallax-no wpr-parallax-no wpr-sticky-section-no wpr-column-slider-no wpr-equal-height-no e-con e-child\" data-id=\"6f901bc\" data-element_type=\"container\" data-e-type=\"container\">\n\t\t\t\t<div class=\"elementor-element elementor-element-5a61771 elementor-position-top elementor-widget elementor-widget-image-box\" data-id=\"5a61771\" data-element_type=\"widget\" data-e-type=\"widget\" data-widget_type=\"image-box.default\">\n\t\t\t\t\t<div class=\"elementor-image-box-wrapper\"><figure class=\"elementor-image-box-img\"><img fetchpriority=\"high\" decoding=\"async\" width=\"250\" height=\"250\" src=\"https:\/\/expatpostal.com\/wp-content\/uploads\/2026\/03\/1.png\" class=\"attachment-full size-full wp-image-552\" alt=\"\" srcset=\"https:\/\/expatpostal.com\/wp-content\/uploads\/2026\/03\/1.png 250w, https:\/\/expatpostal.com\/wp-content\/uploads\/2026\/03\/1-150x150.png 150w\" sizes=\"(max-width: 250px) 100vw, 250px\" \/><\/figure><div class=\"elementor-image-box-content\"><h3 class=\"elementor-image-box-title\">Crea tu cuenta<\/h3><p class=\"elementor-image-box-description\">Elige el plan que se ajuste a tus necesidades y completa el registro de tu cuenta.\nDespu\u00e9s de registrarte, recibir\u00e1s tu direcci\u00f3n postal personal en EE. UU.<\/p><\/div><\/div>\t\t\t\t<\/div>\n\t\t\t\t<\/div>\n\t\t<div class=\"elementor-element elementor-element-e4fdd40 e-con-full e-flex wpr-particle-no wpr-jarallax-no wpr-parallax-no wpr-sticky-section-no wpr-column-slider-no wpr-equal-height-no e-con e-child\" data-id=\"e4fdd40\" data-element_type=\"container\" data-e-type=\"container\">\n\t\t\t\t<div class=\"elementor-element elementor-element-30af714 elementor-widget elementor-widget-image\" data-id=\"30af714\" data-element_type=\"widget\" data-e-type=\"widget\" data-widget_type=\"image.default\">\n\t\t\t\t\t\t\t\t\t\t\t\t\t\t\t<img decoding=\"async\" width=\"800\" height=\"574\" src=\"https:\/\/expatpostal.com\/wp-content\/uploads\/2026\/03\/sign-up-membership-registration-follow-concept-1.png\" class=\"attachment-large size-large wp-image-564\" alt=\"\" srcset=\"https:\/\/expatpostal.com\/wp-content\/uploads\/2026\/03\/sign-up-membership-registration-follow-concept-1.png 1000w, https:\/\/expatpostal.com\/wp-content\/uploads\/2026\/03\/sign-up-membership-registration-follow-concept-1-300x215.png 300w, https:\/\/expatpostal.com\/wp-content\/uploads\/2026\/03\/sign-up-membership-registration-follow-concept-1-768x551.png 768w\" sizes=\"(max-width: 800px) 100vw, 800px\" \/>\t\t\t\t\t\t\t\t\t\t\t\t\t\t\t<\/div>\n\t\t\t\t<\/div>\n\t\t\t\t<\/div>\n\t\t<div class=\"elementor-element elementor-element-20c564d e-con-full e-flex wpr-particle-no wpr-jarallax-no wpr-parallax-no wpr-sticky-section-no wpr-column-slider-no wpr-equal-height-no e-con e-child\" data-id=\"20c564d\" data-element_type=\"container\" data-e-type=\"container\" data-settings=\"{&quot;background_background&quot;:&quot;classic&quot;}\">\n\t\t<div class=\"elementor-element elementor-element-591521b e-con-full e-flex wpr-particle-no wpr-jarallax-no wpr-parallax-no wpr-sticky-section-no wpr-column-slider-no wpr-equal-height-no e-con e-child\" data-id=\"591521b\" data-element_type=\"container\" data-e-type=\"container\">\n\t\t\t\t<div class=\"elementor-element elementor-element-211055d elementor-position-top elementor-widget elementor-widget-image-box\" data-id=\"211055d\" data-element_type=\"widget\" data-e-type=\"widget\" data-widget_type=\"image-box.default\">\n\t\t\t\t\t<div class=\"elementor-image-box-wrapper\"><figure class=\"elementor-image-box-img\"><img decoding=\"async\" width=\"250\" height=\"250\" src=\"https:\/\/expatpostal.com\/wp-content\/uploads\/2026\/03\/2.png\" class=\"attachment-full size-full wp-image-553\" alt=\"\" srcset=\"https:\/\/expatpostal.com\/wp-content\/uploads\/2026\/03\/2.png 250w, https:\/\/expatpostal.com\/wp-content\/uploads\/2026\/03\/2-150x150.png 150w\" sizes=\"(max-width: 250px) 100vw, 250px\" \/><\/figure><div class=\"elementor-image-box-content\"><h3 class=\"elementor-image-box-title\">Recibe correo en tu direcci\u00f3n de EE. UU.<\/h3><p class=\"elementor-image-box-description\">El correo y los paquetes enviados a tu direcci\u00f3n se reciben en nuestras instalaciones de recepci\u00f3n.\nTus art\u00edculos son luego registrados y procesados.<\/p><\/div><\/div>\t\t\t\t<\/div>\n\t\t\t\t<\/div>\n\t\t<div class=\"elementor-element elementor-element-abdc483 e-con-full e-flex wpr-particle-no wpr-jarallax-no wpr-parallax-no wpr-sticky-section-no wpr-column-slider-no wpr-equal-height-no e-con e-child\" data-id=\"abdc483\" data-element_type=\"container\" data-e-type=\"container\">\n\t\t\t\t<div class=\"elementor-element elementor-element-9000820 elementor-widget elementor-widget-image\" data-id=\"9000820\" data-element_type=\"widget\" data-e-type=\"widget\" data-widget_type=\"image.default\">\n\t\t\t\t\t\t\t\t\t\t\t\t\t\t\t<img loading=\"lazy\" decoding=\"async\" width=\"800\" height=\"534\" src=\"https:\/\/expatpostal.com\/wp-content\/uploads\/2026\/03\/day-office-travel-agency.png\" class=\"attachment-large size-large wp-image-565\" alt=\"\" srcset=\"https:\/\/expatpostal.com\/wp-content\/uploads\/2026\/03\/day-office-travel-agency.png 1000w, https:\/\/expatpostal.com\/wp-content\/uploads\/2026\/03\/day-office-travel-agency-300x200.png 300w, https:\/\/expatpostal.com\/wp-content\/uploads\/2026\/03\/day-office-travel-agency-768x512.png 768w\" sizes=\"(max-width: 800px) 100vw, 800px\" \/>\t\t\t\t\t\t\t\t\t\t\t\t\t\t\t<\/div>\n\t\t\t\t<\/div>\n\t\t\t\t<\/div>\n\t\t<div class=\"elementor-element elementor-element-83bba94 e-con-full e-flex wpr-particle-no wpr-jarallax-no wpr-parallax-no wpr-sticky-section-no wpr-column-slider-no wpr-equal-height-no e-con e-child\" data-id=\"83bba94\" data-element_type=\"container\" data-e-type=\"container\" data-settings=\"{&quot;background_background&quot;:&quot;classic&quot;}\">\n\t\t<div class=\"elementor-element elementor-element-d81d8c2 e-con-full e-flex wpr-particle-no wpr-jarallax-no wpr-parallax-no wpr-sticky-section-no wpr-column-slider-no wpr-equal-height-no e-con e-child\" data-id=\"d81d8c2\" data-element_type=\"container\" data-e-type=\"container\">\n\t\t\t\t<div class=\"elementor-element elementor-element-2df2ebe elementor-position-top elementor-widget elementor-widget-image-box\" data-id=\"2df2ebe\" data-element_type=\"widget\" data-e-type=\"widget\" data-widget_type=\"image-box.default\">\n\t\t\t\t\t<div class=\"elementor-image-box-wrapper\"><figure class=\"elementor-image-box-img\"><img loading=\"lazy\" decoding=\"async\" width=\"250\" height=\"250\" src=\"https:\/\/expatpostal.com\/wp-content\/uploads\/2026\/03\/3.png\" class=\"attachment-full size-full wp-image-554\" alt=\"\" srcset=\"https:\/\/expatpostal.com\/wp-content\/uploads\/2026\/03\/3.png 250w, https:\/\/expatpostal.com\/wp-content\/uploads\/2026\/03\/3-150x150.png 150w\" sizes=\"(max-width: 250px) 100vw, 250px\" \/><\/figure><div class=\"elementor-image-box-content\"><h3 class=\"elementor-image-box-title\">Procesamiento de correo<\/h3><p class=\"elementor-image-box-description\">El correo se maneja de acuerdo con las pol\u00edticas de ExpatPostal:\n<\/p><\/div><\/div>\t\t\t\t<\/div>\n\t\t\t\t<div class=\"elementor-element elementor-element-3035aef elementor-widget elementor-widget-text-editor\" data-id=\"3035aef\" data-element_type=\"widget\" data-e-type=\"widget\" data-widget_type=\"text-editor.default\">\n\t\t\t\t\t\t\t\t\t<p>\u2022 se desechan anuncios y correo basura<br \/>\u2022 Las revistas se conservan<br \/>\u2022 los paquetes y art\u00edculos sensibles permanecen sellados<br \/>Se puede agregar escaneo de correo opcional para ver sus documentos digitalmente.<\/p>\t\t\t\t\t\t\t\t<\/div>\n\t\t\t\t<\/div>\n\t\t<div class=\"elementor-element elementor-element-4a31ef5 e-con-full e-flex wpr-particle-no wpr-jarallax-no wpr-parallax-no wpr-sticky-section-no wpr-column-slider-no wpr-equal-height-no e-con e-child\" data-id=\"4a31ef5\" data-element_type=\"container\" data-e-type=\"container\">\n\t\t\t\t<div class=\"elementor-element elementor-element-1db41a0 elementor-widget elementor-widget-image\" data-id=\"1db41a0\" data-element_type=\"widget\" data-e-type=\"widget\" data-widget_type=\"image.default\">\n\t\t\t\t\t\t\t\t\t\t\t\t\t\t\t<img loading=\"lazy\" decoding=\"async\" width=\"800\" height=\"534\" src=\"https:\/\/expatpostal.com\/wp-content\/uploads\/2026\/03\/businessman-s-hand-giving-card-his-partner-office.png\" class=\"attachment-large size-large wp-image-566\" alt=\"\" srcset=\"https:\/\/expatpostal.com\/wp-content\/uploads\/2026\/03\/businessman-s-hand-giving-card-his-partner-office.png 1000w, https:\/\/expatpostal.com\/wp-content\/uploads\/2026\/03\/businessman-s-hand-giving-card-his-partner-office-300x200.png 300w, https:\/\/expatpostal.com\/wp-content\/uploads\/2026\/03\/businessman-s-hand-giving-card-his-partner-office-768x512.png 768w\" sizes=\"(max-width: 800px) 100vw, 800px\" \/>\t\t\t\t\t\t\t\t\t\t\t\t\t\t\t<\/div>\n\t\t\t\t<\/div>\n\t\t\t\t<\/div>\n\t\t<div class=\"elementor-element elementor-element-eebc73b e-con-full e-flex wpr-particle-no wpr-jarallax-no wpr-parallax-no wpr-sticky-section-no wpr-column-slider-no wpr-equal-height-no e-con e-child\" data-id=\"eebc73b\" data-element_type=\"container\" data-e-type=\"container\" data-settings=\"{&quot;background_background&quot;:&quot;classic&quot;}\">\n\t\t<div class=\"elementor-element elementor-element-bebcead e-con-full e-flex wpr-particle-no wpr-jarallax-no wpr-parallax-no wpr-sticky-section-no wpr-column-slider-no wpr-equal-height-no e-con e-child\" data-id=\"bebcead\" data-element_type=\"container\" data-e-type=\"container\">\n\t\t\t\t<div class=\"elementor-element elementor-element-d9c39c1 elementor-position-top elementor-widget elementor-widget-image-box\" data-id=\"d9c39c1\" data-element_type=\"widget\" data-e-type=\"widget\" data-widget_type=\"image-box.default\">\n\t\t\t\t\t<div class=\"elementor-image-box-wrapper\"><figure class=\"elementor-image-box-img\"><img loading=\"lazy\" decoding=\"async\" width=\"1024\" height=\"1024\" src=\"https:\/\/expatpostal.com\/wp-content\/uploads\/2026\/03\/ChatGPT-Image-Mar-16-2026-11_13_50-PM-1.png\" class=\"attachment-full size-full wp-image-558\" alt=\"\" srcset=\"https:\/\/expatpostal.com\/wp-content\/uploads\/2026\/03\/ChatGPT-Image-Mar-16-2026-11_13_50-PM-1.png 1024w, https:\/\/expatpostal.com\/wp-content\/uploads\/2026\/03\/ChatGPT-Image-Mar-16-2026-11_13_50-PM-1-300x300.png 300w, https:\/\/expatpostal.com\/wp-content\/uploads\/2026\/03\/ChatGPT-Image-Mar-16-2026-11_13_50-PM-1-150x150.png 150w, https:\/\/expatpostal.com\/wp-content\/uploads\/2026\/03\/ChatGPT-Image-Mar-16-2026-11_13_50-PM-1-768x768.png 768w\" sizes=\"(max-width: 1024px) 100vw, 1024px\" \/><\/figure><div class=\"elementor-image-box-content\"><h3 class=\"elementor-image-box-title\">Accede a tu correo<\/h3><p class=\"elementor-image-box-description\">Los miembros pueden:<\/p><\/div><\/div>\t\t\t\t<\/div>\n\t\t\t\t<div class=\"elementor-element elementor-element-aeb10a7 elementor-widget elementor-widget-text-editor\" data-id=\"aeb10a7\" data-element_type=\"widget\" data-e-type=\"widget\" data-widget_type=\"text-editor.default\">\n\t\t\t\t\t\t\t\t\t<p><span data-teams=\"true\">\u2022 ver correo escaneado en l\u00ednea<br \/>\u2022 recoger art\u00edculos localmente<br \/>\u2022 recibir paquetes a trav\u00e9s de oficinas de coworking asociadas<\/span><\/p>\t\t\t\t\t\t\t\t<\/div>\n\t\t\t\t<\/div>\n\t\t<div class=\"elementor-element elementor-element-4165c63 e-con-full e-flex wpr-particle-no wpr-jarallax-no wpr-parallax-no wpr-sticky-section-no wpr-column-slider-no wpr-equal-height-no e-con e-child\" data-id=\"4165c63\" data-element_type=\"container\" data-e-type=\"container\">\n\t\t\t\t<div class=\"elementor-element elementor-element-129a1ab elementor-widget elementor-widget-image\" data-id=\"129a1ab\" data-element_type=\"widget\" data-e-type=\"widget\" data-widget_type=\"image.default\">\n\t\t\t\t\t\t\t\t\t\t\t\t\t\t\t<img loading=\"lazy\" decoding=\"async\" width=\"800\" height=\"579\" src=\"https:\/\/expatpostal.com\/wp-content\/uploads\/2026\/03\/coupon-present-ticket-surprise-shop.png\" class=\"attachment-large size-large wp-image-567\" alt=\"\" srcset=\"https:\/\/expatpostal.com\/wp-content\/uploads\/2026\/03\/coupon-present-ticket-surprise-shop.png 1000w, https:\/\/expatpostal.com\/wp-content\/uploads\/2026\/03\/coupon-present-ticket-surprise-shop-300x217.png 300w, https:\/\/expatpostal.com\/wp-content\/uploads\/2026\/03\/coupon-present-ticket-surprise-shop-768x556.png 768w\" sizes=\"(max-width: 800px) 100vw, 800px\" \/>\t\t\t\t\t\t\t\t\t\t\t\t\t\t\t<\/div>\n\t\t\t\t<\/div>\n\t\t\t\t<\/div>\n\t\t<div class=\"elementor-element elementor-element-ec22a52 e-con-full e-flex wpr-particle-no wpr-jarallax-no wpr-parallax-no wpr-sticky-section-no wpr-column-slider-no wpr-equal-height-no e-con e-child\" data-id=\"ec22a52\" data-element_type=\"container\" data-e-type=\"container\">\n\t\t\t\t<div class=\"elementor-element elementor-element-6272ea7 elementor-widget elementor-widget-spacer\" data-id=\"6272ea7\" data-element_type=\"widget\" data-e-type=\"widget\" data-widget_type=\"spacer.default\">\n\t\t\t\t\t\t\t<div class=\"elementor-spacer\">\n\t\t\t<div class=\"elementor-spacer-inner\"><\/div>\n\t\t<\/div>\n\t\t\t\t\t\t<\/div>\n\t\t\t\t<\/div>\n\t\t\t\t<\/div>\n\t\t<div class=\"elementor-element elementor-element-165faa7 e-con-full e-flex wpr-particle-no wpr-jarallax-no wpr-parallax-no wpr-sticky-section-no wpr-column-slider-no wpr-equal-height-no e-con e-child\" data-id=\"165faa7\" data-element_type=\"container\" data-e-type=\"container\">\n\t\t\t\t<div class=\"elementor-element elementor-element-a1fbace elementor-widget elementor-widget-heading\" data-id=\"a1fbace\" data-element_type=\"widget\" data-e-type=\"widget\" data-widget_type=\"heading.default\">\n\t\t\t\t\t<h2 class=\"elementor-heading-title elementor-size-default\">C\u00f3mo funciona <\/h2>\t\t\t\t<\/div>\n\t\t\t\t<div class=\"elementor-element elementor-element-640cc58 elementor-widget elementor-widget-text-editor\" data-id=\"640cc58\" data-element_type=\"widget\" data-e-type=\"widget\" data-widget_type=\"text-editor.default\">\n\t\t\t\t\t\t\t\t\t<p>Paso a paso<\/p>\t\t\t\t\t\t\t\t<\/div>\n\t\t\t\t<\/div>\n\t\t\t\t\t<\/div>\n\t\t\t\t<\/div>\n\t\t\t\t<\/div>","protected":false},"excerpt":{"rendered":"<p>How Expat Postal Works Our process is simple and designed to make receiving your mail easy, secure, and reliable no matter where you live.Follow these steps to start using our service. Create Your Account Choose the plan that fits your needs and complete your account registration. After signup, you will receive your personal U.S. mailing address. Receive Mail at Your U.S. Address Mail and packages sent to your address are received at our intake facility. Your items are then logged and processed. Mail Processing Mail is handled according to ExpatPostal policies: \u2022 advertisements and junk mail are discarded\u2022 magazines are retained\u2022 packages and sensitive items remain sealedOptional mail scanning can be added to view your documents digitally. Access Your Mail Members can: \u2022 view scanned mail online\u2022 pick up items locally\u2022 receive packages through partner coworking offices How It Works Step By Step<\/p>","protected":false},"author":1,"featured_media":0,"parent":0,"menu_order":0,"comment_status":"closed","ping_status":"closed","template":"","meta":{"footnotes":""},"class_list":["post-16","page","type-page","status-publish","hentry"],"rttpg_featured_image_url":null,"rttpg_author":{"display_name":"anthony@insuringyours.com","author_link":"https:\/\/expatpostal.com\/es\/author\/anthonyinsuringyours-com\/"},"rttpg_comment":0,"rttpg_category":null,"rttpg_excerpt":"How Expat Postal Works Our process is simple and designed to make receiving your mail easy, secure, and reliable no matter where you live.Follow these steps to start using our service. Create Your Account Choose the plan that fits your needs and complete your account registration. After signup, you will receive your personal U.S. mailing&hellip;","_links":{"self":[{"href":"https:\/\/expatpostal.com\/es\/wp-json\/wp\/v2\/pages\/16","targetHints":{"allow":["GET"]}}],"collection":[{"href":"https:\/\/expatpostal.com\/es\/wp-json\/wp\/v2\/pages"}],"about":[{"href":"https:\/\/expatpostal.com\/es\/wp-json\/wp\/v2\/types\/page"}],"author":[{"embeddable":true,"href":"https:\/\/expatpostal.com\/es\/wp-json\/wp\/v2\/users\/1"}],"replies":[{"embeddable":true,"href":"https:\/\/expatpostal.com\/es\/wp-json\/wp\/v2\/comments?post=16"}],"version-history":[{"count":58,"href":"https:\/\/expatpostal.com\/es\/wp-json\/wp\/v2\/pages\/16\/revisions"}],"predecessor-version":[{"id":1396,"href":"https:\/\/expatpostal.com\/es\/wp-json\/wp\/v2\/pages\/16\/revisions\/1396"}],"wp:attachment":[{"href":"https:\/\/expatpostal.com\/es\/wp-json\/wp\/v2\/media?parent=16"}],"curies":[{"name":"wp","href":"https:\/\/api.w.org\/{rel}","templated":true}]}}