{"id":780,"date":"2026-03-16T22:00:10","date_gmt":"2026-03-16T22:00:10","guid":{"rendered":"https:\/\/expatpostal.com\/?page_id=780"},"modified":"2026-03-17T21:07:30","modified_gmt":"2026-03-17T21:07:30","slug":"about-us","status":"publish","type":"page","link":"https:\/\/expatpostal.com\/es\/about-us\/","title":{"rendered":"Sobre Nosotros"},"content":{"rendered":"<div data-elementor-type=\"wp-page\" data-elementor-id=\"780\" class=\"elementor elementor-780\">\n\t\t\t\t<div class=\"elementor-element elementor-element-49adc1f e-flex e-con-boxed wpr-particle-no wpr-jarallax-no wpr-parallax-no wpr-sticky-section-no wpr-column-slider-no wpr-equal-height-no e-con e-parent\" data-id=\"49adc1f\" data-element_type=\"container\" data-e-type=\"container\" data-settings=\"{&quot;background_background&quot;:&quot;classic&quot;}\">\n\t\t\t\t\t<div class=\"e-con-inner\">\n\t\t<div class=\"elementor-element elementor-element-c02ef5d e-con-full e-flex wpr-particle-no wpr-jarallax-no wpr-parallax-no wpr-sticky-section-no wpr-column-slider-no wpr-equal-height-no e-con e-child\" data-id=\"c02ef5d\" data-element_type=\"container\" data-e-type=\"container\">\n\t\t\t\t<div class=\"elementor-element elementor-element-99fcae8 elementor-widget elementor-widget-heading\" data-id=\"99fcae8\" data-element_type=\"widget\" data-e-type=\"widget\" data-widget_type=\"heading.default\">\n\t\t\t\t\t<h2 class=\"elementor-heading-title elementor-size-default\">Acerca de ExpatPostal<\/h2>\t\t\t\t<\/div>\n\t\t\t\t<div class=\"elementor-element elementor-element-eac00f4 elementor-widget__width-initial elementor-widget elementor-widget-text-editor\" data-id=\"eac00f4\" data-element_type=\"widget\" data-e-type=\"widget\" data-widget_type=\"text-editor.default\">\n\t\t\t\t\t\t\t\t\t<p><span data-teams=\"true\">ExpatPostal fue creado para proporcionar acceso confiable al correo a los estadounidenses que viven fuera de los Estados Unidos.<\/span><\/p>\t\t\t\t\t\t\t\t<\/div>\n\t\t\t\t<\/div>\n\t\t\t\t\t<\/div>\n\t\t\t\t<\/div>\n\t\t<div class=\"elementor-element elementor-element-f76f0e8 e-flex e-con-boxed wpr-particle-no wpr-jarallax-no wpr-parallax-no wpr-sticky-section-no wpr-column-slider-no wpr-equal-height-no e-con e-parent\" data-id=\"f76f0e8\" data-element_type=\"container\" data-e-type=\"container\" data-settings=\"{&quot;background_background&quot;:&quot;classic&quot;}\">\n\t\t\t\t\t<div class=\"e-con-inner\">\n\t\t<div class=\"elementor-element elementor-element-eb8f0b6 e-con-full e-flex wpr-particle-no wpr-jarallax-no wpr-parallax-no wpr-sticky-section-no wpr-column-slider-no wpr-equal-height-no e-con e-child\" data-id=\"eb8f0b6\" data-element_type=\"container\" data-e-type=\"container\">\n\t\t\t\t<div class=\"elementor-element elementor-element-e6adcf0 elementor-widget elementor-widget-heading\" data-id=\"e6adcf0\" data-element_type=\"widget\" data-e-type=\"widget\" data-widget_type=\"heading.default\">\n\t\t\t\t\t<h2 class=\"elementor-heading-title elementor-size-default\">ExpatPostal<\/h2>\t\t\t\t<\/div>\n\t\t\t\t<div class=\"elementor-element elementor-element-19969f8 elementor-widget elementor-widget-text-editor\" data-id=\"19969f8\" data-element_type=\"widget\" data-e-type=\"widget\" data-widget_type=\"text-editor.default\">\n\t\t\t\t\t\t\t\t\t<p><span data-teams=\"true\">Muchos expatriados a\u00fan necesitan una direcci\u00f3n postal en EE. UU. para correspondencia financiera, legal y personal. ExpatPostal resuelve este desaf\u00edo combinando servicios de buz\u00f3n digital con procedimientos seguros de manejo de correo.<\/span><\/p>\t\t\t\t\t\t\t\t<\/div>\n\t\t\t\t<div class=\"elementor-element elementor-element-fc21192 elementor-widget elementor-widget-heading\" data-id=\"fc21192\" data-element_type=\"widget\" data-e-type=\"widget\" data-widget_type=\"heading.default\">\n\t\t\t\t\t<h2 class=\"elementor-heading-title elementor-size-default\">Propiedad<\/h2>\t\t\t\t<\/div>\n\t\t\t\t<div class=\"elementor-element elementor-element-b778559 elementor-widget elementor-widget-text-editor\" data-id=\"b778559\" data-element_type=\"widget\" data-e-type=\"widget\" data-widget_type=\"text-editor.default\">\n\t\t\t\t\t\t\t\t\t<p><span data-teams=\"true\">ExpatPostal es operado por <strong>Servicios Empresariales Metro LLC<\/strong>.<\/span><\/p>\t\t\t\t\t\t\t\t<\/div>\n\t\t\t\t<\/div>\n\t\t<div class=\"elementor-element elementor-element-0270eb7 e-con-full e-flex wpr-particle-no wpr-jarallax-no wpr-parallax-no wpr-sticky-section-no wpr-column-slider-no wpr-equal-height-no e-con e-child\" data-id=\"0270eb7\" data-element_type=\"container\" data-e-type=\"container\">\n\t\t\t\t<div class=\"elementor-element elementor-element-e5e307d elementor-widget elementor-widget-image\" data-id=\"e5e307d\" data-element_type=\"widget\" data-e-type=\"widget\" data-widget_type=\"image.default\">\n\t\t\t\t\t\t\t\t\t\t\t\t\t\t\t<img fetchpriority=\"high\" decoding=\"async\" width=\"800\" height=\"450\" src=\"https:\/\/expatpostal.com\/wp-content\/uploads\/2026\/03\/pexels-cottonbro-4065137-1024x576.jpg\" class=\"attachment-large size-large wp-image-793\" alt=\"\" srcset=\"https:\/\/expatpostal.com\/wp-content\/uploads\/2026\/03\/pexels-cottonbro-4065137-1024x576.jpg 1024w, https:\/\/expatpostal.com\/wp-content\/uploads\/2026\/03\/pexels-cottonbro-4065137-300x169.jpg 300w, https:\/\/expatpostal.com\/wp-content\/uploads\/2026\/03\/pexels-cottonbro-4065137-768x432.jpg 768w, https:\/\/expatpostal.com\/wp-content\/uploads\/2026\/03\/pexels-cottonbro-4065137-1536x864.jpg 1536w, https:\/\/expatpostal.com\/wp-content\/uploads\/2026\/03\/pexels-cottonbro-4065137-2048x1152.jpg 2048w\" sizes=\"(max-width: 800px) 100vw, 800px\" \/>\t\t\t\t\t\t\t\t\t\t\t\t\t\t\t<\/div>\n\t\t\t\t<\/div>\n\t\t\t\t\t<\/div>\n\t\t\t\t<\/div>\n\t\t\t\t<\/div>","protected":false},"excerpt":{"rendered":"<p>About ExpatPostal ExpatPostal was created to provide reliable mail access for Americans living outside the United States. ExpatPostal Many expatriates still require a U.S. mailing address for financial, legal, and personal correspondence. ExpatPostal solves this challenge by combining digital mailbox services with secure mail handling procedures. Ownership ExpatPostal is operated by Metro Business Services LLC.<\/p>","protected":false},"author":1,"featured_media":0,"parent":0,"menu_order":0,"comment_status":"closed","ping_status":"closed","template":"","meta":{"footnotes":""},"class_list":["post-780","page","type-page","status-publish","hentry"],"rttpg_featured_image_url":null,"rttpg_author":{"display_name":"anthony@insuringyours.com","author_link":"https:\/\/expatpostal.com\/es\/author\/anthonyinsuringyours-com\/"},"rttpg_comment":0,"rttpg_category":null,"rttpg_excerpt":"About ExpatPostal ExpatPostal was created to provide reliable mail access for Americans living outside the United States. ExpatPostal Many expatriates still require a U.S. mailing address for financial, legal, and personal correspondence. ExpatPostal solves this challenge by combining digital mailbox services with secure mail handling procedures. Ownership ExpatPostal is operated by Metro Business Services LLC.","_links":{"self":[{"href":"https:\/\/expatpostal.com\/es\/wp-json\/wp\/v2\/pages\/780","targetHints":{"allow":["GET"]}}],"collection":[{"href":"https:\/\/expatpostal.com\/es\/wp-json\/wp\/v2\/pages"}],"about":[{"href":"https:\/\/expatpostal.com\/es\/wp-json\/wp\/v2\/types\/page"}],"author":[{"embeddable":true,"href":"https:\/\/expatpostal.com\/es\/wp-json\/wp\/v2\/users\/1"}],"replies":[{"embeddable":true,"href":"https:\/\/expatpostal.com\/es\/wp-json\/wp\/v2\/comments?post=780"}],"version-history":[{"count":40,"href":"https:\/\/expatpostal.com\/es\/wp-json\/wp\/v2\/pages\/780\/revisions"}],"predecessor-version":[{"id":1274,"href":"https:\/\/expatpostal.com\/es\/wp-json\/wp\/v2\/pages\/780\/revisions\/1274"}],"wp:attachment":[{"href":"https:\/\/expatpostal.com\/es\/wp-json\/wp\/v2\/media?parent=780"}],"curies":[{"name":"wp","href":"https:\/\/api.w.org\/{rel}","templated":true}]}}