{"id":825,"date":"2026-03-16T22:20:29","date_gmt":"2026-03-16T22:20:29","guid":{"rendered":"https:\/\/expatpostal.com\/?page_id=825"},"modified":"2026-03-17T12:31:05","modified_gmt":"2026-03-17T12:31:05","slug":"blog","status":"publish","type":"page","link":"https:\/\/expatpostal.com\/es\/blog\/","title":{"rendered":"Blog"},"content":{"rendered":"<div data-elementor-type=\"wp-page\" data-elementor-id=\"825\" class=\"elementor elementor-825\">\n\t\t\t\t<div class=\"elementor-element elementor-element-f5eee26 e-flex e-con-boxed wpr-particle-no wpr-jarallax-no wpr-parallax-no wpr-sticky-section-no wpr-column-slider-no wpr-equal-height-no e-con e-parent\" data-id=\"f5eee26\" data-element_type=\"container\" data-e-type=\"container\" data-settings=\"{&quot;background_background&quot;:&quot;classic&quot;}\">\n\t\t\t\t\t<div class=\"e-con-inner\">\n\t\t<div class=\"elementor-element elementor-element-f2f1489 e-con-full e-flex wpr-particle-no wpr-jarallax-no wpr-parallax-no wpr-sticky-section-no wpr-column-slider-no wpr-equal-height-no e-con e-child\" data-id=\"f2f1489\" data-element_type=\"container\" data-e-type=\"container\">\n\t\t\t\t<div class=\"elementor-element elementor-element-01bb15f elementor-widget elementor-widget-heading\" data-id=\"01bb15f\" data-element_type=\"widget\" data-e-type=\"widget\" data-widget_type=\"heading.default\">\n\t\t\t\t\t<h2 class=\"elementor-heading-title elementor-size-default\">Nuestro Blog<\/h2>\t\t\t\t<\/div>\n\t\t\t\t<div class=\"elementor-element elementor-element-910dd50 elementor-widget__width-initial elementor-widget elementor-widget-text-editor\" data-id=\"910dd50\" data-element_type=\"widget\" data-e-type=\"widget\" data-widget_type=\"text-editor.default\">\n\t\t\t\t\t\t\t\t\t<p><span class=\"BZ_Pyq_fadeIn\">Leer <\/span><span class=\"BZ_Pyq_fadeIn\">el <\/span><span class=\"BZ_Pyq_fadeIn\">\u00faltimo <\/span><span class=\"BZ_Pyq_fadeIn\">actualizaciones, <\/span><span class=\"BZ_Pyq_fadeIn\">noticias, <\/span><span class=\"BZ_Pyq_fadeIn\">y <\/span><span class=\"BZ_Pyq_fadeIn\">servicial <\/span><span class=\"BZ_Pyq_fadeIn\">informaci\u00f3n <\/span><span class=\"BZ_Pyq_fadeIn\">sobre <\/span><span class=\"BZ_Pyq_fadeIn\">nuestro <\/span><span class=\"BZ_Pyq_fadeIn\">servicios, <\/span><span class=\"BZ_Pyq_fadeIn\">env\u00edo postal <\/span><span class=\"BZ_Pyq_fadeIn\">pol\u00edticas, <\/span><span class=\"BZ_Pyq_fadeIn\">y <\/span><span class=\"BZ_Pyq_fadeIn\">importante <\/span><span class=\"BZ_Pyq_fadeIn\">anuncios.<\/span><\/p>\t\t\t\t\t\t\t\t<\/div>\n\t\t\t\t<\/div>\n\t\t\t\t\t<\/div>\n\t\t\t\t<\/div>\n\t\t<div class=\"elementor-element elementor-element-739e678 e-flex e-con-boxed wpr-particle-no wpr-jarallax-no wpr-parallax-no wpr-sticky-section-no wpr-column-slider-no wpr-equal-height-no e-con e-parent\" data-id=\"739e678\" data-element_type=\"container\" data-e-type=\"container\">\n\t\t\t\t\t<div class=\"e-con-inner\">\n\t\t\t\t<div class=\"elementor-element elementor-element-4aed400 meta-visibility-show title_position_default title_hover_border_default title-default img_hover_animation_default meta_position_default readmore-btn-default-style grid-hover-overlay-type-always tpg-el-box-border-enable tpg-border-bottom-disable elementor-widget elementor-widget-tpg-grid-layout\" data-id=\"4aed400\" data-element_type=\"widget\" data-e-type=\"widget\" data-widget_type=\"tpg-grid-layout.default\">\n\t\t\t\t<div class=\"elementor-widget-container\">\n\t\t\t\t\t\t\t<div class=\"rt-container-fluid rt-tpg-container tpg-el-main-wrapper clearfix grid-layout4-main\"\n\t\t\t id=\"rt-tpg-container-3703772227\"\n\t\t\t data-layout=\"grid-layout4\"\n\t\t\t data-grid-style=\"tpg-full-height\"\n\t\t\t data-sc-id=\"elementor\"\n\t\t\t data-el-settings=''\n\t\t\t data-el-query=''\n\t\t\t data-el-path=''\n\t\t>\n\t\t\t\t\t\t<div class='tpg-header-wrapper'>\n\t\t\t\t\t\t\t<\/div>\n\n\t\t\t<div data-title=\"Loading ...\" class=\"rt-row rt-content-loader grid-layout4 grid-behaviour tpg-full-height grid_layout_wrapper\">\n\t\t\t\t\n<div class=\"rt-col-md-4 rt-col-sm-6 rt-col-xs-12 default rt-grid-item\" data-id=\"851\">\n\t<div class=\"rt-holder tpg-post-holder\">\n\t\t<div class=\"rt-detail rt-el-content-wrapper\">\n\t\t\t\t\t\t\t<div class=\"rt-img-holder tpg-el-image-wrap has-thumbnail\">\n\t\t\t\t\t<a data-id=\"851\" href=\"https:\/\/expatpostal.com\/es\/testing-blog\/\" class=\"tpg-post-link\" target=\"_self\">                        <img fetchpriority=\"high\" decoding=\"async\" src=\"https:\/\/expatpostal.com\/wp-content\/uploads\/2026\/03\/closeup-accountant-hands-counting-calculator-768x512.png\"\n                             class=\"rt-img-responsive\"\n                             width=\"768\"\n                             height=\"512\"\n                             alt=\"Testing blog\">\n                        \n                            \n        <\/a>\n                <div class=\"overlay grid-hover-content\"><\/div>\n        \t\t\t\t<\/div>\n\t\t\t\n\t\t\t<div class=\"entry-title-wrapper\"><h3 class=\"entry-title\"><a data-id=\"851\" href=\"https:\/\/expatpostal.com\/es\/testing-blog\/\" class=\"tpg-post-link\" target=\"_self\">Probando blog<\/a><\/h3><\/div>\n\t\t\t\t\t\t\t<div class=\"post-meta-tags rt-el-post-meta\">\n\t\t\t\t\t            <span class='date'>\n\t\t\t\t<i class='flaticon-calendar'><\/i>                                    <a href=\"https:\/\/expatpostal.com\/es\/2026\/03\/16\/\">\n\t\t\t\t\t16 de marzo de 2026\t\t\t\t<\/a>\n                \t\t\t<\/span>\n            \t\t\t\t<\/div>\n\t\t\t\n\t\t\t\t\t\t\t<div class=\"tpg-excerpt tpg-el-excerpt\">\n\t\t\t\t\t\t\t\t\t\t\t<div class=\"tpg-excerpt-inner\">\n\t\t\t\t\t\t\tC\u00f3mo configurar el blog Mantente flexible. Cancela gratis antes del 20 de abril de 2026. Cualquier cancelaci\u00f3n recibida dentro de 1 d\u00eda antes de la fecha de llegada incurrir\u00e1 en el cargo de la primera noche. Si no llegas...\t\t\t\t\t\t<\/div>\n\t\t\t\t\t\t\t\t\t\t\t\t\t\t<\/div>\n\t\t\t\n\t\t\t        <div class=\"post-footer\">\n            <div class=\"post-footer\">\n                <div class=\"read-more\">\n                    <a data-id=\"851\" href=\"https:\/\/expatpostal.com\/es\/testing-blog\/\" class=\"tpg-post-link\" target=\"_self\">Leer m\u00e1s<\/a>                <\/div>\n            <\/div>\n        <\/div>\n        \t\t<\/div>\n\t<\/div>\n<\/div>\n\t\t\t<\/div>\n\t\t\t\n\t\t<\/div>\n\t\t\t\t\t\t<\/div>\n\t\t\t\t<\/div>\n\t\t\t\t\t<\/div>\n\t\t\t\t<\/div>\n\t\t\t\t<\/div>","protected":false},"excerpt":{"rendered":"<p>Our Blog Read the latest updates, news, and helpful information about our services, mailing policies, and important announcements. Testing blog March 16, 2026 Hos to setup the Blog Stay flexible! Cancel for free before April 20, 2026 Any cancellation received within 1 day prior to the arrival date will incur the first night&#8217;s charge. Failure to arrive&#8230; Read More<\/p>","protected":false},"author":1,"featured_media":0,"parent":0,"menu_order":0,"comment_status":"closed","ping_status":"closed","template":"","meta":{"footnotes":""},"class_list":["post-825","page","type-page","status-publish","hentry"],"rttpg_featured_image_url":null,"rttpg_author":{"display_name":"anthony@insuringyours.com","author_link":"https:\/\/expatpostal.com\/es\/author\/anthonyinsuringyours-com\/"},"rttpg_comment":0,"rttpg_category":"","rttpg_excerpt":"Our Blog Read the latest updates, news, and helpful information about our services, mailing policies, and important announcements. Testing blog March 16, 2026 Hos to setup the Blog Stay flexible! Cancel for free before April 20, 2026 Any cancellation received within 1 day prior to the arrival date will incur the first night&#8217;s charge. Failure&hellip;","_links":{"self":[{"href":"https:\/\/expatpostal.com\/es\/wp-json\/wp\/v2\/pages\/825","targetHints":{"allow":["GET"]}}],"collection":[{"href":"https:\/\/expatpostal.com\/es\/wp-json\/wp\/v2\/pages"}],"about":[{"href":"https:\/\/expatpostal.com\/es\/wp-json\/wp\/v2\/types\/page"}],"author":[{"embeddable":true,"href":"https:\/\/expatpostal.com\/es\/wp-json\/wp\/v2\/users\/1"}],"replies":[{"embeddable":true,"href":"https:\/\/expatpostal.com\/es\/wp-json\/wp\/v2\/comments?post=825"}],"version-history":[{"count":34,"href":"https:\/\/expatpostal.com\/es\/wp-json\/wp\/v2\/pages\/825\/revisions"}],"predecessor-version":[{"id":885,"href":"https:\/\/expatpostal.com\/es\/wp-json\/wp\/v2\/pages\/825\/revisions\/885"}],"wp:attachment":[{"href":"https:\/\/expatpostal.com\/es\/wp-json\/wp\/v2\/media?parent=825"}],"curies":[{"name":"wp","href":"https:\/\/api.w.org\/{rel}","templated":true}]}}